{"id":4215,"date":"2026-02-09T12:56:34","date_gmt":"2026-02-09T11:56:34","guid":{"rendered":"https:\/\/meuh-factory.com\/?post_type=product&#038;p=4215"},"modified":"2026-02-09T14:09:02","modified_gmt":"2026-02-09T13:09:02","slug":"reverb-t-shirt-epais-oversized-white","status":"publish","type":"product","link":"https:\/\/meuh-factory.com\/?product=reverb-t-shirt-epais-oversized-white","title":{"rendered":"Reverb &#8211; T-shirt \u00c9pais Oversized White"},"content":{"rendered":"<h3><strong>Reverb, plus qu\u2019une marque de v\u00eatements.<\/strong><\/h3>\n<p data-sourcepos=\"25:1-25:495\">Reverb, c&rsquo;\u2019est une vibration commune, un \u00e9tat d\u2019esprit, une mani\u00e8re d\u2019exister ensemble.<br \/>\nCr\u00e9\u00e9e en collaboration avec le magasin Meuh , Reverb s\u2019inscrit dans une d\u00e9marche locale et engag\u00e9e. Nous avons fait le choix de travailler avec Stanley &amp; Stella, r\u00e9f\u00e9rence du textile 100 % belge, pour une raison simple : mettre la qualit\u00e9 avant la quantit\u00e9, sans compromis sur l\u2019\u00e9thique.<br \/>\nNos v\u00eatements sont con\u00e7us \u00e0 partir de textiles \u00e9coresponsables, durables et soigneusement s\u00e9lectionn\u00e9s. Chaque pi\u00e8ce est pens\u00e9e pour durer, se porter et se transmettre, loin des logiques de surproduction.<br \/>\nLes tee-shirts Reverb sont unisexes, accessibles \u00e0 toutes et tous. Pour un tomb\u00e9 optimal, nous conseillons aux hommes de choisir une \u00e0 deux tailles au-dessus, id\u00e9alement deux, afin de conserver un fit \u00e9quilibr\u00e9 et confortable.<br \/>\nReverb incarne des valeurs fortes et assum\u00e9es :<br \/>\nle partage, la libert\u00e9, l\u2019inclusivit\u00e9, l\u2019acceptation et une vision positive du monde.<br \/>\nNos v\u00eatements sont l\u00e0 pour rassembler, pas pour diviser. Pour exprimer qui vous \u00eates, pas pour vous enfermer dans une norme.<br \/>\nPorter Reverb, c\u2019est faire r\u00e9sonner une \u00e9nergie commune.<br \/>\nUne r\u00e9verb\u00e9ration de sens, de respect.<\/p>\n","protected":false},"excerpt":{"rendered":"<div class=\"mb-3\">\n<div class=\"wysiwyg-p:my-0 wysiwyg-ul:my-0 lg:wysiwyg-li:text-sm wysiwyg-li:text-xs lg:wysiwyg-p:text-sm wysiwyg-p:text-xs check-icon-list-bullet\">\n<p><span style=\"color: #23232c; font-size: 30px;\">Composition<\/span><\/p>\n<\/div>\n<\/div>\n<div class=\"mb-3\">\n<div class=\"child-p:mb-2 last:child-p:mb-0\">\n<p class=\"text-xs lg:text-sm\">Shell: Jersey simple, <strong>100% Cotton &#8211; Organic<\/strong> Open End Carded, Tissu lav\u00e9<\/p>\n<\/div>\n<\/div>\n","protected":false},"featured_media":4224,"template":"","meta":[],"product_brand":[],"product_cat":[163],"product_tag":[],"class_list":{"0":"post-4215","1":"product","2":"type-product","3":"status-publish","4":"has-post-thumbnail","6":"product_cat-reverb","8":"first","9":"instock","10":"taxable","11":"shipping-taxable","12":"purchasable","13":"product-type-variable","14":"has-default-attributes","15":"layout-style-6","16":"col-md-4 col-sm-4 col-xs-6","17":"col-lg-3","18":"product-has-gallery","19":"product-style-slider"},"_links":{"self":[{"href":"https:\/\/meuh-factory.com\/index.php?rest_route=\/wp\/v2\/product\/4215","targetHints":{"allow":["GET"]}}],"collection":[{"href":"https:\/\/meuh-factory.com\/index.php?rest_route=\/wp\/v2\/product"}],"about":[{"href":"https:\/\/meuh-factory.com\/index.php?rest_route=\/wp\/v2\/types\/product"}],"wp:featuredmedia":[{"embeddable":true,"href":"https:\/\/meuh-factory.com\/index.php?rest_route=\/wp\/v2\/media\/4224"}],"wp:attachment":[{"href":"https:\/\/meuh-factory.com\/index.php?rest_route=%2Fwp%2Fv2%2Fmedia&parent=4215"}],"wp:term":[{"taxonomy":"product_brand","embeddable":true,"href":"https:\/\/meuh-factory.com\/index.php?rest_route=%2Fwp%2Fv2%2Fproduct_brand&post=4215"},{"taxonomy":"product_cat","embeddable":true,"href":"https:\/\/meuh-factory.com\/index.php?rest_route=%2Fwp%2Fv2%2Fproduct_cat&post=4215"},{"taxonomy":"product_tag","embeddable":true,"href":"https:\/\/meuh-factory.com\/index.php?rest_route=%2Fwp%2Fv2%2Fproduct_tag&post=4215"}],"curies":[{"name":"wp","href":"https:\/\/api.w.org\/{rel}","templated":true}]}}