{"id":4153,"date":"2026-02-05T15:41:17","date_gmt":"2026-02-05T14:41:17","guid":{"rendered":"https:\/\/meuh-factory.com\/?post_type=product&#038;p=4153"},"modified":"2026-02-07T11:01:07","modified_gmt":"2026-02-07T10:01:07","slug":"logo-front-small-sweat-navy-kids-2","status":"publish","type":"product","link":"https:\/\/meuh-factory.com\/?product=logo-front-small-sweat-navy-kids-2","title":{"rendered":"400ans \u2013 Sweat Navy"},"content":{"rendered":"<h3><strong>Imprim\u00e9 \u00e0 Bruxelles, pour un style unique et durable<\/strong><\/h3>\n<p data-sourcepos=\"25:1-25:495\">D\u00e9couvrez la gamme de textile Berlaymont, con\u00e7ue et imprim\u00e9e \u00e0 Uccle par <strong>Meuh Shop<\/strong>. Chaque sweat est une pi\u00e8ce unique, r\u00e9alis\u00e9e avec des mat\u00e9riaux de qualit\u00e9 sup\u00e9rieure et des encres \u00e9cologiques. En choisissant nos produits, vous soutenez une production locale et responsable, et vous vous offrez un v\u00eatement confortable et styl\u00e9.<\/p>\n","protected":false},"excerpt":{"rendered":"<ul class=\"unordered-list\">\n<li>85% coton biologique \/ 15% polyester recycl\u00e9 post-consumer.<\/li>\n<li>Molleton gratt\u00e9 (Low Shrinkage Fleece : molleton pr\u00e9-r\u00e9tr\u00e9ci).<\/li>\n<li id=\"NS403_toptex_arguments_vente_1\">Confortable et tendance.<\/li>\n<li>350 g\/m\u00b2.<\/li>\n<\/ul>\n<p>Tant pour les adultes que pour les enfants, <strong>les mod\u00e8les de sweatshirts\/hoodies taillent petits<\/strong>. Si vous h\u00e9sitez entre 2 tailles, prenez celle du dessus.<\/p>\n<p>Il est possible d&rsquo;effectuer un essayage des mod\u00e8les au secr\u00e9tariat ou lors de nos \u00e9v\u00e9nements.\u200b Il est \u00e9galement possible de passer chez notre partenaire Meuh, 36 rue Xavier de Bue 1180 Uccle, afin de faire un essayage.<\/p>\n","protected":false},"featured_media":4203,"template":"","meta":[],"product_brand":[],"product_cat":[159],"product_tag":[],"class_list":{"0":"post-4153","1":"product","2":"type-product","3":"status-publish","4":"has-post-thumbnail","6":"product_cat-berlaymont","7":"wcpa_has_options","9":"first","10":"instock","11":"taxable","12":"shipping-taxable","13":"purchasable","14":"product-type-variable","15":"has-default-attributes","16":"layout-style-6","17":"col-md-4 col-sm-4 col-xs-6","18":"col-lg-3","19":"product-has-gallery","20":"product-style-slider"},"_links":{"self":[{"href":"https:\/\/meuh-factory.com\/index.php?rest_route=\/wp\/v2\/product\/4153","targetHints":{"allow":["GET"]}}],"collection":[{"href":"https:\/\/meuh-factory.com\/index.php?rest_route=\/wp\/v2\/product"}],"about":[{"href":"https:\/\/meuh-factory.com\/index.php?rest_route=\/wp\/v2\/types\/product"}],"wp:featuredmedia":[{"embeddable":true,"href":"https:\/\/meuh-factory.com\/index.php?rest_route=\/wp\/v2\/media\/4203"}],"wp:attachment":[{"href":"https:\/\/meuh-factory.com\/index.php?rest_route=%2Fwp%2Fv2%2Fmedia&parent=4153"}],"wp:term":[{"taxonomy":"product_brand","embeddable":true,"href":"https:\/\/meuh-factory.com\/index.php?rest_route=%2Fwp%2Fv2%2Fproduct_brand&post=4153"},{"taxonomy":"product_cat","embeddable":true,"href":"https:\/\/meuh-factory.com\/index.php?rest_route=%2Fwp%2Fv2%2Fproduct_cat&post=4153"},{"taxonomy":"product_tag","embeddable":true,"href":"https:\/\/meuh-factory.com\/index.php?rest_route=%2Fwp%2Fv2%2Fproduct_tag&post=4153"}],"curies":[{"name":"wp","href":"https:\/\/api.w.org\/{rel}","templated":true}]}}