{"id":3843,"date":"2025-11-18T13:15:37","date_gmt":"2025-11-18T12:15:37","guid":{"rendered":"https:\/\/meuh-factory.com\/?post_type=product&#038;p=3843"},"modified":"2025-11-18T13:24:56","modified_gmt":"2025-11-18T12:24:56","slug":"logo-sweatshirt-zippe-navy","status":"publish","type":"product","link":"https:\/\/meuh-factory.com\/?product=logo-sweatshirt-zippe-navy","title":{"rendered":"Logo &#8211; Sweatshirt Zipp\u00e9 Navy"},"content":{"rendered":"<h3><strong>Imprim\u00e9 \u00e0 Bruxelles, pour un style unique et durable<\/strong><\/h3>\n<p data-sourcepos=\"25:1-25:495\">D\u00e9couvrez la gamme de textile UCL Sciences de l\u2019\u00e9ducation, con\u00e7ue et imprim\u00e9e \u00e0 Uccle par\u00a0<strong>Meuh Shop<\/strong>. Chaque sweat est une pi\u00e8ce unique, r\u00e9alis\u00e9e avec des mat\u00e9riaux de qualit\u00e9 sup\u00e9rieure et des encres \u00e9cologiques. En choisissant nos produits, vous soutenez une production locale et responsable, et vous vous offrez un v\u00eatement confortable et styl\u00e9.<\/p>\n","protected":false},"excerpt":{"rendered":"<div class=\"mb-3\">\n<div class=\"wysiwyg-p:my-0 wysiwyg-ul:my-0 lg:wysiwyg-li:text-sm wysiwyg-li:text-xs lg:wysiwyg-p:text-sm wysiwyg-p:text-xs check-icon-list-bullet\">\n<ul>\n<li>Manches mont\u00e9es<\/li>\n<li>Col chemin\u00e9e en tissu de la m\u00eame mati\u00e8re<\/li>\n<li>Fermeture \u00e9clair d&rsquo;un quart au milieu devant<\/li>\n<li>C\u00f4tes 1&#215;1 aux poignets des manches et \u00e0 l&rsquo;ourlet du bas<\/li>\n<li>Surpiq\u00fbres doubles \u00e0 l&#8217;emmanchure, aux poignets des manches et \u00e0 l&rsquo;ourlet du bas<\/li>\n<li>Bande de renfort en chevron \u00e0 l&rsquo;int\u00e9rieur du col et \u00e0 l&rsquo;int\u00e9rieur de la fermeture \u00e9clair<\/li>\n<li>Demi-lune en tissu de la m\u00eame mati\u00e8re au dos du cou<\/li>\n<\/ul>\n<\/div>\n<\/div>\n<div class=\"mb-3\">\n<h2 class=\"uppercase text-xs lg:text-sm font-bold mb-3\">Composition<\/h2>\n<div class=\"child-p:mb-2 last:child-p:mb-0\">\n<p class=\"text-xs lg:text-sm\">Shell: Molleton bross\u00e9, 85\u202f% coton \u2013 Organic Ring Spun Combed, 15\u202f% polyester recycl\u00e9, Tissu lav\u00e9<\/p>\n<p><strong>Ce mod\u00e8le taille grand, si vous h\u00e9sitez entre 2 tailles, vous pouvez prendre celle du dessous.<\/strong><\/p>\n<\/div>\n<\/div>\n<div class=\"mb-3\">\n<h2 class=\"uppercase text-xs lg:text-sm font-bold mb-3\">Instructions d&rsquo;entretien<\/h2>\n<div class=\"flex flex-col md:flex-row gap-4 items-start\">\n<p class=\"text-xs lg:text-sm flex-1\">Laver avec des couleurs similaires, ne pas repasser sur l\u2019imprim\u00e9, laver et repasser \u00e0 l\u2019envers.<\/p>\n<\/div>\n<\/div>\n","protected":false},"featured_media":3835,"template":"","meta":[],"product_brand":[],"product_cat":[130],"product_tag":[],"class_list":{"0":"post-3843","1":"product","2":"type-product","3":"status-publish","4":"has-post-thumbnail","6":"product_cat-ucleducation","8":"first","9":"instock","10":"taxable","11":"shipping-taxable","12":"purchasable","13":"product-type-variable","14":"has-default-attributes","15":"layout-style-6","16":"col-md-4 col-sm-4 col-xs-6","17":"col-lg-3","18":"product-has-gallery","19":"product-style-slider"},"_links":{"self":[{"href":"https:\/\/meuh-factory.com\/index.php?rest_route=\/wp\/v2\/product\/3843","targetHints":{"allow":["GET"]}}],"collection":[{"href":"https:\/\/meuh-factory.com\/index.php?rest_route=\/wp\/v2\/product"}],"about":[{"href":"https:\/\/meuh-factory.com\/index.php?rest_route=\/wp\/v2\/types\/product"}],"wp:featuredmedia":[{"embeddable":true,"href":"https:\/\/meuh-factory.com\/index.php?rest_route=\/wp\/v2\/media\/3835"}],"wp:attachment":[{"href":"https:\/\/meuh-factory.com\/index.php?rest_route=%2Fwp%2Fv2%2Fmedia&parent=3843"}],"wp:term":[{"taxonomy":"product_brand","embeddable":true,"href":"https:\/\/meuh-factory.com\/index.php?rest_route=%2Fwp%2Fv2%2Fproduct_brand&post=3843"},{"taxonomy":"product_cat","embeddable":true,"href":"https:\/\/meuh-factory.com\/index.php?rest_route=%2Fwp%2Fv2%2Fproduct_cat&post=3843"},{"taxonomy":"product_tag","embeddable":true,"href":"https:\/\/meuh-factory.com\/index.php?rest_route=%2Fwp%2Fv2%2Fproduct_tag&post=3843"}],"curies":[{"name":"wp","href":"https:\/\/api.w.org\/{rel}","templated":true}]}}