{"id":3802,"date":"2025-11-17T02:53:22","date_gmt":"2025-11-17T01:53:22","guid":{"rendered":"https:\/\/meuh-factory.com\/?post_type=product&#038;p=3802"},"modified":"2025-11-17T12:57:10","modified_gmt":"2025-11-17T11:57:10","slug":"i-love-tote-bag-natural-copie-2","status":"publish","type":"product","link":"https:\/\/meuh-factory.com\/?product=i-love-tote-bag-natural-copie-2","title":{"rendered":"I LOVE &#8211; Tote Bag Noir"},"content":{"rendered":"<h3><strong>Profitez de la livraison gratuite \u00e0 l&rsquo;\u00e9cole<\/strong><\/h3>\n<p><strong>Toute command\u00e9e pass\u00e9e avant le 1er d\u00e9cembre<\/strong> pourra \u00eatre r\u00e9cup\u00e9r\u00e9e en main propre dans l&rsquo;implantation de votre enfant le mardi 16 d\u00e9cembre entre 8h20 et 8h40 ou sera remise ce m\u00eame jour \u00e0 votre enfant.<\/p>\n<p>Toute commande pass\u00e9e ult\u00e9rieurement sera \u00e0 aller r\u00e9cup\u00e9rer chez Meuh Concept Store au 36 rue Xavier De Bue \u00e0 Uccle.<\/p>\n<h3><strong>Imprim\u00e9 \u00e0 Bruxelles, pour un style unique et durable<\/strong><\/h3>\n<p data-sourcepos=\"25:1-25:495\">D\u00e9couvrez la gamme de textile NOS ENFANTS, con\u00e7ue et imprim\u00e9e \u00e0 Uccle par <strong>Meuh Shop<\/strong>. Chaque sweat est une pi\u00e8ce unique, r\u00e9alis\u00e9e avec des mat\u00e9riaux de qualit\u00e9 sup\u00e9rieure et des encres \u00e9cologiques. En choisissant nos produits, vous soutenez une production locale et responsable, et vous vous offrez un v\u00eatement confortable et styl\u00e9.<\/p>\n","protected":false},"excerpt":{"rendered":"<div class=\"mb-3\">\n<div class=\"wysiwyg-p:my-0 wysiwyg-ul:my-0 lg:wysiwyg-li:text-sm wysiwyg-li:text-xs lg:wysiwyg-p:text-sm wysiwyg-p:text-xs check-icon-list-bullet\">\n<ul>\n<li>Ourlet sup\u00e9rieur pli\u00e9<\/li>\n<li>Soufflet en bas et sur les c\u00f4t\u00e9s<\/li>\n<li>Longues poign\u00e9es dans le m\u00eame tissu avec point de croix pour plus de solidit\u00e9<\/li>\n<li>Poche int\u00e9rieure dans le m\u00eame tissu<\/li>\n<\/ul>\n<\/div>\n<\/div>\n<div class=\"mb-3\">\n<h2 class=\"uppercase text-xs lg:text-sm font-bold mb-3\">Composition<\/h2>\n<div class=\"child-p:mb-2 last:child-p:mb-0\">\n<p class=\"text-xs lg:text-sm\">Shell: Toile, 100\u202f% coton \u2013 Open End recycl\u00e9, Tissu lav\u00e9<\/p>\n<\/div>\n<\/div>\n<div class=\"mb-3\">\n<h2 class=\"uppercase text-xs lg:text-sm font-bold mb-3\">Instructions d&rsquo;entretien<\/h2>\n<div class=\"flex flex-col md:flex-row gap-4 items-start\">\n<p class=\"text-xs lg:text-sm flex-1\">Laver les couleurs similaires ensemble, ne pas repasser l&rsquo;imprim\u00e9, laver et repasser sur l&rsquo;envers.<\/p>\n<\/div>\n<\/div>\n","protected":false},"featured_media":3794,"template":"","meta":[],"product_brand":[],"product_cat":[63],"product_tag":[],"class_list":{"0":"post-3802","1":"product","2":"type-product","3":"status-publish","4":"has-post-thumbnail","6":"product_cat-nos-enfants","7":"wcpa_has_options","9":"first","10":"instock","11":"taxable","12":"shipping-taxable","13":"purchasable","14":"product-type-variable","15":"has-default-attributes","16":"layout-style-6","17":"col-md-4 col-sm-4 col-xs-6","18":"col-lg-3","19":"product-has-gallery","20":"product-style-slider"},"_links":{"self":[{"href":"https:\/\/meuh-factory.com\/index.php?rest_route=\/wp\/v2\/product\/3802","targetHints":{"allow":["GET"]}}],"collection":[{"href":"https:\/\/meuh-factory.com\/index.php?rest_route=\/wp\/v2\/product"}],"about":[{"href":"https:\/\/meuh-factory.com\/index.php?rest_route=\/wp\/v2\/types\/product"}],"wp:featuredmedia":[{"embeddable":true,"href":"https:\/\/meuh-factory.com\/index.php?rest_route=\/wp\/v2\/media\/3794"}],"wp:attachment":[{"href":"https:\/\/meuh-factory.com\/index.php?rest_route=%2Fwp%2Fv2%2Fmedia&parent=3802"}],"wp:term":[{"taxonomy":"product_brand","embeddable":true,"href":"https:\/\/meuh-factory.com\/index.php?rest_route=%2Fwp%2Fv2%2Fproduct_brand&post=3802"},{"taxonomy":"product_cat","embeddable":true,"href":"https:\/\/meuh-factory.com\/index.php?rest_route=%2Fwp%2Fv2%2Fproduct_cat&post=3802"},{"taxonomy":"product_tag","embeddable":true,"href":"https:\/\/meuh-factory.com\/index.php?rest_route=%2Fwp%2Fv2%2Fproduct_tag&post=3802"}],"curies":[{"name":"wp","href":"https:\/\/api.w.org\/{rel}","templated":true}]}}