{"id":3,"date":"2025-10-15T14:00:28","date_gmt":"2025-10-15T14:00:28","guid":{"rendered":"http:\/\/meuh-factory.com\/?page_id=3"},"modified":"2025-11-13T13:35:29","modified_gmt":"2025-11-13T12:35:29","slug":"privacy-policy-2","status":"publish","type":"page","link":"https:\/\/meuh-factory.com\/?page_id=3","title":{"rendered":"Politique de confidentialit\u00e9"},"content":{"rendered":"\r\n<h2 class=\"wp-block-heading\">Qui sommes-nous?<\/h2>\r\n\r\n\r\n\r\n<p>Meuh Factory<\/p>\r\n<p>36 rue Xavier de Bue<br \/>1180 Bruxelles<\/p>\r\n<p>G\u00e9rant : Laurent Single<br \/>T\u00e9l\u00e9phone : 0483386301<br \/>Email : info@meuh-factory.com<\/p>\r\n<p>Maison Osmose SRL BE0750529778<\/p>\r\n\r\n\r\n\r\n<h2 class=\"wp-block-heading\">Collecte d\u2019informations<\/h2>\r\n\r\n\r\n\r\n<p>Lorsque vous effectuez un achat sur notre site, nous recueillons les informations personnelles n\u00e9cessaires pour traiter votre commande, telles que votre nom, votre adresse e-mail et votre num\u00e9ro de t\u00e9l\u00e9phone. Conform\u00e9ment \u00e0 notre politique de livraison, nous ne collectons pas l\u2019adresse de nos clients, car les commandes sont exclusivement livr\u00e9es aux partenaires ou accessibles en retrait dans notre atelier.\u00a0Nous pouvons \u00e9galement collecter des informations sur les produits que vous avez achet\u00e9s et votre historique de commandes..<\/p>\r\n\r\n\r\n\r\n\r\n\r\n<h2 class=\"wp-block-heading\">Utilisation des informations<\/h2>\r\n\r\n\r\n\r\n<p>Les informations personnelles que nous recueillons sont utilis\u00e9es dans le seul but de traiter votre commande et de vous fournir un service client de qualit\u00e9. Nous ne vendons, ni ne louons, ni ne partageons vos informations personnelles avec des tiers \u00e0 des fins de marketing ou de publicit\u00e9.<\/p>\r\n\r\n\r\n\r\n<h2 class=\"wp-block-heading\">Conservation des informations<\/h2>\r\n\r\n\r\n\r\n<p>Nous conservons vos informations personnelles aussi longtemps que n\u00e9cessaire pour traiter votre commande et r\u00e9pondre \u00e0 vos questions ou demandes. Une fois que votre commande est finalis\u00e9e, nous pouvons conserver certaines informations pour des raisons comptables ou l\u00e9gales, mais nous ne les utiliserons pas \u00e0 d\u2019autres fins.<\/p>\r\n\r\n\r\n\r\n\r\n\r\n\r\n\r\n<h2 class=\"wp-block-heading\">Vos droits<\/h2>\r\n\r\n\r\n\r\n<p>Vous avez le droit d\u2019acc\u00e9der, de modifier ou de supprimer vos informations personnelles \u00e0 tout moment. Si vous souhaitez exercer ce droit, veuillez nous contacter par t\u00e9l\u00e9phone au 0483386301 ou par email \u00e0 info@meuh-factory.com .<\/p>\r\n\r\n\r\n","protected":false},"excerpt":{"rendered":"<p>Qui sommes-nous? Meuh Factory 36 rue Xavier de Bue1180 Bruxelles G\u00e9rant : Laurent SingleT\u00e9l\u00e9phone :&hellip;<\/p>\n","protected":false},"author":1,"featured_media":0,"parent":0,"menu_order":0,"comment_status":"closed","ping_status":"open","template":"","meta":{"footnotes":""},"class_list":["post-3","page","type-page","status-publish","hentry"],"_links":{"self":[{"href":"https:\/\/meuh-factory.com\/index.php?rest_route=\/wp\/v2\/pages\/3","targetHints":{"allow":["GET"]}}],"collection":[{"href":"https:\/\/meuh-factory.com\/index.php?rest_route=\/wp\/v2\/pages"}],"about":[{"href":"https:\/\/meuh-factory.com\/index.php?rest_route=\/wp\/v2\/types\/page"}],"author":[{"embeddable":true,"href":"https:\/\/meuh-factory.com\/index.php?rest_route=\/wp\/v2\/users\/1"}],"replies":[{"embeddable":true,"href":"https:\/\/meuh-factory.com\/index.php?rest_route=%2Fwp%2Fv2%2Fcomments&post=3"}],"version-history":[{"count":5,"href":"https:\/\/meuh-factory.com\/index.php?rest_route=\/wp\/v2\/pages\/3\/revisions"}],"predecessor-version":[{"id":3647,"href":"https:\/\/meuh-factory.com\/index.php?rest_route=\/wp\/v2\/pages\/3\/revisions\/3647"}],"wp:attachment":[{"href":"https:\/\/meuh-factory.com\/index.php?rest_route=%2Fwp%2Fv2%2Fmedia&parent=3"}],"curies":[{"name":"wp","href":"https:\/\/api.w.org\/{rel}","templated":true}]}}